{"id":11,"date":"2025-07-24T19:12:13","date_gmt":"2025-07-24T17:12:13","guid":{"rendered":"https:\/\/chriswpolsce25.pl\/?page_id=11"},"modified":"2025-07-24T21:15:34","modified_gmt":"2025-07-24T19:15:34","slug":"biogram-ojca-chrisa","status":"publish","type":"page","link":"https:\/\/chriswpolsce25.pl\/index.php\/biogram-ojca-chrisa\/","title":{"rendered":"Bio ojca Chrisa"},"content":{"rendered":"\n<p>o. Christlin Rajendram SJ, trener i praktyk Porozumienia bez Przemocy<strong>. <\/strong>Ojciec Christlin Rajendram jest jezuit\u0105 ze Sri Lanki. W swoim kraju do\u015bwiadczy\u0142 skutk\u00f3w wojny domowej, kt\u00f3ra trwa\u0142a tam 30 lat. Prze\u0142omowy moment w jego \u017cyciu nast\u0105pi\u0142, gdy studiuj\u0105c komunikacj\u0119 w USA, pozna\u0142 Marshalla Rosenberga, tw\u00f3rc\u0119 modelu komunikacji Porozumienia bez Przemocy (ang. <em>Nonviolent Communication <\/em>&#8211; NVC). Zachwyci\u0142 si\u0119 NVC. Woli m\u00f3wi\u0107 o sposobie \u017cycia ni\u017c metodzie, o odkrywaniu j\u0119zyka serca. Od wielu lat prowadzi warsztaty i wyszkoli\u0142 wielu trener\u00f3w, ale od szkole\u0144 i wyk\u0142ad\u00f3w woli rozmow\u0119 i dialog. Wierzy, \u017ce to praktyka dost\u0119pna dla ka\u017cdego cz\u0142owieka, kt\u00f3ra mo\u017ce pom\u00f3c rozwin\u0105\u0107 relacj\u0119 z Bogiem, ze sob\u0105 i z drugim cz\u0142owiekiem.<\/p>\n","protected":false},"excerpt":{"rendered":"<p>o. Christlin Rajendram SJ, trener i praktyk Porozumienia bez Przemocy. Ojciec Christlin Rajendram jest jezuit\u0105 ze Sri Lanki. W swoim kraju do\u015bwiadczy\u0142 skutk\u00f3w wojny domowej, kt\u00f3ra trwa\u0142a tam 30 lat. Prze\u0142omowy moment w jego \u017cyciu nast\u0105pi\u0142, gdy studiuj\u0105c komunikacj\u0119 w USA, pozna\u0142 Marshalla Rosenberga, tw\u00f3rc\u0119 modelu komunikacji Porozumienia bez Przemocy (ang. Nonviolent Communication &#8211; NVC). [&hellip;]<\/p>\n","protected":false},"author":1,"featured_media":0,"parent":0,"menu_order":0,"comment_status":"closed","ping_status":"closed","template":"","meta":{"footnotes":""},"class_list":["post-11","page","type-page","status-publish","hentry"],"_links":{"self":[{"href":"https:\/\/chriswpolsce25.pl\/index.php\/wp-json\/wp\/v2\/pages\/11","targetHints":{"allow":["GET"]}}],"collection":[{"href":"https:\/\/chriswpolsce25.pl\/index.php\/wp-json\/wp\/v2\/pages"}],"about":[{"href":"https:\/\/chriswpolsce25.pl\/index.php\/wp-json\/wp\/v2\/types\/page"}],"author":[{"embeddable":true,"href":"https:\/\/chriswpolsce25.pl\/index.php\/wp-json\/wp\/v2\/users\/1"}],"replies":[{"embeddable":true,"href":"https:\/\/chriswpolsce25.pl\/index.php\/wp-json\/wp\/v2\/comments?post=11"}],"version-history":[{"count":2,"href":"https:\/\/chriswpolsce25.pl\/index.php\/wp-json\/wp\/v2\/pages\/11\/revisions"}],"predecessor-version":[{"id":48,"href":"https:\/\/chriswpolsce25.pl\/index.php\/wp-json\/wp\/v2\/pages\/11\/revisions\/48"}],"wp:attachment":[{"href":"https:\/\/chriswpolsce25.pl\/index.php\/wp-json\/wp\/v2\/media?parent=11"}],"curies":[{"name":"wp","href":"https:\/\/api.w.org\/{rel}","templated":true}]}}