{"id":13,"date":"2025-07-24T21:08:33","date_gmt":"2025-07-24T19:08:33","guid":{"rendered":"https:\/\/chriswpolsce25.pl\/?page_id=13"},"modified":"2025-08-02T14:31:15","modified_gmt":"2025-08-02T12:31:15","slug":"faq","status":"publish","type":"page","link":"https:\/\/chriswpolsce25.pl\/index.php\/faq\/","title":{"rendered":"FAQ"},"content":{"rendered":"\n<p><strong>Czy spotkania z o. Chrisem maj\u0105 charakter religijny?<\/strong><\/p>\n\n\n\n<p>Niekt\u00f3re tak. Jest to wyra\u017anie wskazane w nazwie spotkania. Niekt\u00f3re nie. Ojciec Chris jest jezuit\u0105 i jego pasj\u0105 jest interpretacja NVC przez pryzmat Ewangelii. Jest r\u00f3wnie\u017c trenerem NVC, a NVC jest praktyk\u0105 komunikacji nie zwi\u0105zan\u0105 z konkretn\u0105 religi\u0105. Wszyscy s\u0105 mile widziani na spotkaniach niezale\u017cnie od przekona\u0144 duchowych czy \u015bwiatopogl\u0105du. Je\u017celi jest co\u015b, co u\u0142atwi\u0142oby Ci udzia\u0142 w spotkaniu, mo\u017cesz si\u0119 z nami skontaktowa\u0107.<\/p>\n\n\n\n<p><strong>Czy konieczna jest znajomo\u015b\u0107 NVC, \u017ceby uczestniczy\u0107 w spotkaniach?<\/strong><\/p>\n\n\n\n<p>Nie.&nbsp; Ojciec Chris ch\u0119tnie robi wprowadzenie do NVC, ale te\u017c je\u017celi jeste\u015b zaawansowanym praktykiem\/praktyczk\u0105 tej metody, te\u017c mo\u017cesz wnie\u015b\u0107 i zyska\u0107 co\u015b cennego. Wszelkie pytania czy komentarze od uczestnik\u00f3w s\u0105 mile widziane!<\/p>\n\n\n\n<p><strong>Czy b\u0119d\u0105 transmisje ze spotka\u0144?<\/strong><\/p>\n\n\n\n<p>Planujemy transmisje FB, kt\u00f3re potem chcemy zamie\u015bci\u0107 na youtube.<\/p>\n\n\n\n<p><strong>Czy spotkania s\u0105 p\u0142atne?<\/strong><\/p>\n\n\n\n<p>Informacja ta jest podana przy opisie spotkania. Spotkanie otwarte s\u0105 bezp\u0142atne, ale wsparcie jest mile widziane. Wszelkie darowizny id\u0105 na sfinansowanie pobytu ojca Chrisa.<\/p>\n\n\n\n<p><strong>Chcia\u0142bym\/ chcia\u0142abym wesprze\u0107 wizyt\u0119 ojca Chrisa w Polsce. Jak to zrobi\u0107?<\/strong><\/p>\n\n\n\n<p>Mo\u017cna wp\u0142aci\u0107 darowizn\u0119 na Fundacj\u0119 Marebito. Uwaga! Tu aktualny numer konta: Numer konta: <\/p>\n\n\n\n<p>Fundacja Sztuki Marebito<\/p>\n\n\n\n<p>Santander Bank Polska<\/p>\n\n\n\n<p>28109013620000000155081629<\/p>\n\n\n\n<p><\/p>\n\n\n\n<p>Mo\u017cna te\u017c wesprze\u0107 miejsca, kt\u00f3re b\u0119d\u0105 nas go\u015bci\u0107. Mo\u017cesz promowa\u0107 informacje o spotkaniach w\u015br\u00f3d swoich znajomych.<\/p>\n\n\n\n<p>Je\u017celi masz konkretne umiej\u0119tno\u015bci, kt\u00f3rymi chcesz nas wspom\u00f3c (np. robienie zdj\u0119\u0107, przewo\u017cenie samochodem), mo\u017cesz si\u0119 z nami skontaktowa\u0107.<\/p>\n\n\n\n<p><strong>W jakim j\u0119zyku odbywaj\u0105 si\u0119 spotkania?<\/strong><\/p>\n\n\n\n<p>W polskim i angielskim. Ojciec Chris m\u00f3wi po angielsku, ale wszystkie jego wypowiedzi s\u0105 t\u0142umaczone. Pytania mo\u017cna zadawa\u0107 po polsku lub angielsku.<\/p>\n","protected":false},"excerpt":{"rendered":"<p>Czy spotkania z o. Chrisem maj\u0105 charakter religijny? Niekt\u00f3re tak. Jest to wyra\u017anie wskazane w nazwie spotkania. Niekt\u00f3re nie. Ojciec Chris jest jezuit\u0105 i jego pasj\u0105 jest interpretacja NVC przez pryzmat Ewangelii. Jest r\u00f3wnie\u017c trenerem NVC, a NVC jest praktyk\u0105 komunikacji nie zwi\u0105zan\u0105 z konkretn\u0105 religi\u0105. Wszyscy s\u0105 mile widziani na spotkaniach niezale\u017cnie od przekona\u0144 [&hellip;]<\/p>\n","protected":false},"author":1,"featured_media":0,"parent":0,"menu_order":0,"comment_status":"closed","ping_status":"closed","template":"","meta":{"footnotes":""},"class_list":["post-13","page","type-page","status-publish","hentry"],"_links":{"self":[{"href":"https:\/\/chriswpolsce25.pl\/index.php\/wp-json\/wp\/v2\/pages\/13","targetHints":{"allow":["GET"]}}],"collection":[{"href":"https:\/\/chriswpolsce25.pl\/index.php\/wp-json\/wp\/v2\/pages"}],"about":[{"href":"https:\/\/chriswpolsce25.pl\/index.php\/wp-json\/wp\/v2\/types\/page"}],"author":[{"embeddable":true,"href":"https:\/\/chriswpolsce25.pl\/index.php\/wp-json\/wp\/v2\/users\/1"}],"replies":[{"embeddable":true,"href":"https:\/\/chriswpolsce25.pl\/index.php\/wp-json\/wp\/v2\/comments?post=13"}],"version-history":[{"count":2,"href":"https:\/\/chriswpolsce25.pl\/index.php\/wp-json\/wp\/v2\/pages\/13\/revisions"}],"predecessor-version":[{"id":122,"href":"https:\/\/chriswpolsce25.pl\/index.php\/wp-json\/wp\/v2\/pages\/13\/revisions\/122"}],"wp:attachment":[{"href":"https:\/\/chriswpolsce25.pl\/index.php\/wp-json\/wp\/v2\/media?parent=13"}],"curies":[{"name":"wp","href":"https:\/\/api.w.org\/{rel}","templated":true}]}}