{"id":130,"date":"2025-08-06T12:53:50","date_gmt":"2025-08-06T10:53:50","guid":{"rendered":"https:\/\/chriswpolsce25.pl\/?page_id=130"},"modified":"2025-09-09T15:50:52","modified_gmt":"2025-09-09T13:50:52","slug":"wsparcie","status":"publish","type":"page","link":"https:\/\/chriswpolsce25.pl\/index.php\/wsparcie\/","title":{"rendered":"Wsparcie"},"content":{"rendered":"\n<p>Wizyta ojca Chrisa w Polsce jest realizowana wysi\u0142kiem wielu os\u00f3b i jest w du\u017cej mierze realizowana spo\u0142ecznie. S\u0105 te\u017c p\u0142atne warsztaty z jego udzia\u0142em, ale wiele spotka\u0144 jest bezp\u0142atnych. Natomiast nawet przy woluntarystycznym zaanga\u017cowaniu wi\u0105\u017ce si\u0119 ona z pewnymi kosztami. Dlatego te\u017c prosimy o darowizny na konto Fundacji Marebito, kt\u00f3ra jest naszym tegorocznym partnerem:<\/p>\n\n\n\n<p>Wp\u0142aty w dowolnej wysoko\u015bci mo\u017cna kierowa\u0107 na konto: <\/p>\n\n\n\n<p>z dopiskiem &#8222;na koszty pobytu ojca Chrisa&#8221;<\/p>\n\n\n\n<p><strong>Fundacja Sztuki Marebito<\/strong><\/p>\n\n\n\n<p><strong>Santander Bank Polska<\/strong><\/p>\n\n\n\n<p><strong>28109013620000000155081629<\/strong><\/p>\n\n\n\n<p>Uwaga! Fundacja Sztuki Marebito (za\u0142o\u017cona w 2005) jest od 2011 roku organizacj\u0105 po\u017cytku publicznego.<\/p>\n\n\n\n<p>Darowizny przelewem mo\u017cna odpisa\u0107 od podstawy dochodu &#8211; wa\u017cna informacja przy sk\u0142adaniu rocznej deklaracji podatkowej.<\/p>\n\n\n\n<p>Mo\u017cna te\u017c przekaza\u0107 1,5% podatku wpisuj\u0105c nr KRS (0000247610) w PIT.<\/p>\n\n\n\n<p>Ch\u0119tnie opublikujemy list\u0119 darczy\u0144c\u00f3w na stronie internetowej.<\/p>\n\n\n\n<p><strong>Niefinansowe sposoby wsparcia?<\/strong> Chcesz pom\u00f3c, ale nie masz \u015brodk\u00f3w finansowych? Taka pomoc te\u017c jest mile widziana i potrzebna. Mo\u017cesz: <\/p>\n\n\n\n<ul class=\"wp-block-list\">\n<li>upowszechnia\u0107 materia\u0142y z wydarze\u0144 z ojcem Chrisem aktualne informacje znajdziesz w zak\u0142adce <a href=\"https:\/\/chriswpolsce25.pl\/index.php\/multimedia\/\">Multimedia<\/a> oraz informowa\u0107 o tej stronie lub stronie na <a href=\"https:\/\/www.facebook.com\/profile.php?id=61563606737428\">Facebooku<\/a><\/li>\n\n\n\n<li>Otoczy\u0107 inicjatyw\u0119 modlitw\u0105 lub\/i dobrymi my\u015blami,<\/li>\n\n\n\n<li>Praktykowa\u0107, to czym dzieli si\u0119 ojciec Chris, a zw\u0142aszcza uwa\u017cne s\u0142uchanie, szukanie odpowiedzi w sobie, bycie tu i teraz, otaczanie siebie i innych &#8222;mi\u0142uj\u0105c\u0105 obecno\u015bci\u0105&#8221;.<\/li>\n<\/ul>\n","protected":false},"excerpt":{"rendered":"<p>Wizyta ojca Chrisa w Polsce jest realizowana wysi\u0142kiem wielu os\u00f3b i jest w du\u017cej mierze realizowana spo\u0142ecznie. S\u0105 te\u017c p\u0142atne warsztaty z jego udzia\u0142em, ale wiele spotka\u0144 jest bezp\u0142atnych. Natomiast nawet przy woluntarystycznym zaanga\u017cowaniu wi\u0105\u017ce si\u0119 ona z pewnymi kosztami. Dlatego te\u017c prosimy o darowizny na konto Fundacji Marebito, kt\u00f3ra jest naszym tegorocznym partnerem: Wp\u0142aty [&hellip;]<\/p>\n","protected":false},"author":1,"featured_media":0,"parent":0,"menu_order":0,"comment_status":"closed","ping_status":"closed","template":"","meta":{"footnotes":""},"class_list":["post-130","page","type-page","status-publish","hentry"],"_links":{"self":[{"href":"https:\/\/chriswpolsce25.pl\/index.php\/wp-json\/wp\/v2\/pages\/130","targetHints":{"allow":["GET"]}}],"collection":[{"href":"https:\/\/chriswpolsce25.pl\/index.php\/wp-json\/wp\/v2\/pages"}],"about":[{"href":"https:\/\/chriswpolsce25.pl\/index.php\/wp-json\/wp\/v2\/types\/page"}],"author":[{"embeddable":true,"href":"https:\/\/chriswpolsce25.pl\/index.php\/wp-json\/wp\/v2\/users\/1"}],"replies":[{"embeddable":true,"href":"https:\/\/chriswpolsce25.pl\/index.php\/wp-json\/wp\/v2\/comments?post=130"}],"version-history":[{"count":3,"href":"https:\/\/chriswpolsce25.pl\/index.php\/wp-json\/wp\/v2\/pages\/130\/revisions"}],"predecessor-version":[{"id":141,"href":"https:\/\/chriswpolsce25.pl\/index.php\/wp-json\/wp\/v2\/pages\/130\/revisions\/141"}],"wp:attachment":[{"href":"https:\/\/chriswpolsce25.pl\/index.php\/wp-json\/wp\/v2\/media?parent=130"}],"curies":[{"name":"wp","href":"https:\/\/api.w.org\/{rel}","templated":true}]}}