{"id":17,"date":"2025-07-24T21:10:12","date_gmt":"2025-07-24T19:10:12","guid":{"rendered":"https:\/\/chriswpolsce25.pl\/?page_id=17"},"modified":"2025-09-09T15:45:44","modified_gmt":"2025-09-09T13:45:44","slug":"multimedia","status":"publish","type":"page","link":"https:\/\/chriswpolsce25.pl\/index.php\/multimedia\/","title":{"rendered":"Multimedia"},"content":{"rendered":"\n<p>Linki do materia\u0142\u00f3w ze spotka\u0144:<\/p>\n\n\n\n<p>Spotkanie 04.08 <strong>&#8222;Duchowo\u015b\u0107 i wielokulturowo\u015b\u0107&#8221;<\/strong><\/p>\n\n\n\n<p><a href=\"https:\/\/youtu.be\/c51L0fR9jpE?feature=shared\">https:\/\/youtu.be\/c51L0fR9jpE?feature=shared<\/a><\/p>\n\n\n\n<p>Spotkanie 06.08 <strong>&#8222;Braterskie rozmowy&#8221;<\/strong><\/p>\n\n\n\n<p><a href=\"https:\/\/www.youtube.com\/watch?v=VOPtE7MZt1I&amp;list=PLJjPDcsFfpzQooaE-LixFLf9eNxVjYg9b&amp;index=2\">https:\/\/www.youtube.com\/watch?v=VOPtE7MZt1I&amp;list=PLJjPDcsFfpzQooaE-LixFLf9eNxVjYg9b&amp;index=2<\/a><\/p>\n\n\n\n<p>Spotkanie 11.08 <strong>&#8222;Zrobi\u0107 miejsce przy stole&#8221;<\/strong><\/p>\n\n\n\n<p><a href=\"https:\/\/youtu.be\/zLpdKdGdAE4?feature=shared\">https:\/\/youtu.be\/zLpdKdGdAE4?feature=shared<\/a><\/p>\n\n\n\n<p>12.08 <strong>Mi\u0142uj\u0105ca obecno\u015b\u0107<\/strong><\/p>\n\n\n\n<p><a href=\"https:\/\/drive.google.com\/file\/d\/1ODDTLeCqCV5tAH_l5UyXXqsMlmB07SrD\/view?usp=sharing\">https:\/\/drive.google.com\/file\/d\/1ODDTLeCqCV5tAH_l5UyXXqsMlmB07SrD\/view?usp=sharing<\/a><\/p>\n\n\n\n<p><\/p>\n\n\n\n<p><strong>Materia\u0142y prasowe:<\/strong><\/p>\n\n\n\n<p><strong>Artyku\u0142 o spotkaniu &#8222;Braterskie rozmowy&#8221; na portalu Deon.pl<\/strong><\/p>\n\n\n\n<p><a href=\"https:\/\/deon.pl\/kosciol\/komentarze\/islam-trzeba-zrozumiec-aby-przestac-sie-go-bac,3231980\">https:\/\/deon.pl\/kosciol\/komentarze\/islam-trzeba-zrozumiec-aby-przestac-sie-go-bac,3231980<\/a><\/p>\n\n\n\n<p><\/p>\n","protected":false},"excerpt":{"rendered":"<p>Linki do materia\u0142\u00f3w ze spotka\u0144: Spotkanie 04.08 &#8222;Duchowo\u015b\u0107 i wielokulturowo\u015b\u0107&#8221; https:\/\/youtu.be\/c51L0fR9jpE?feature=shared Spotkanie 06.08 &#8222;Braterskie rozmowy&#8221; https:\/\/www.youtube.com\/watch?v=VOPtE7MZt1I&amp;list=PLJjPDcsFfpzQooaE-LixFLf9eNxVjYg9b&amp;index=2 Spotkanie 11.08 &#8222;Zrobi\u0107 miejsce przy stole&#8221; https:\/\/youtu.be\/zLpdKdGdAE4?feature=shared 12.08 Mi\u0142uj\u0105ca obecno\u015b\u0107 https:\/\/drive.google.com\/file\/d\/1ODDTLeCqCV5tAH_l5UyXXqsMlmB07SrD\/view?usp=sharing Materia\u0142y prasowe: Artyku\u0142 o spotkaniu &#8222;Braterskie rozmowy&#8221; na portalu Deon.pl https:\/\/deon.pl\/kosciol\/komentarze\/islam-trzeba-zrozumiec-aby-przestac-sie-go-bac,3231980<\/p>\n","protected":false},"author":1,"featured_media":0,"parent":0,"menu_order":0,"comment_status":"closed","ping_status":"closed","template":"","meta":{"footnotes":""},"class_list":["post-17","page","type-page","status-publish","hentry"],"_links":{"self":[{"href":"https:\/\/chriswpolsce25.pl\/index.php\/wp-json\/wp\/v2\/pages\/17","targetHints":{"allow":["GET"]}}],"collection":[{"href":"https:\/\/chriswpolsce25.pl\/index.php\/wp-json\/wp\/v2\/pages"}],"about":[{"href":"https:\/\/chriswpolsce25.pl\/index.php\/wp-json\/wp\/v2\/types\/page"}],"author":[{"embeddable":true,"href":"https:\/\/chriswpolsce25.pl\/index.php\/wp-json\/wp\/v2\/users\/1"}],"replies":[{"embeddable":true,"href":"https:\/\/chriswpolsce25.pl\/index.php\/wp-json\/wp\/v2\/comments?post=17"}],"version-history":[{"count":3,"href":"https:\/\/chriswpolsce25.pl\/index.php\/wp-json\/wp\/v2\/pages\/17\/revisions"}],"predecessor-version":[{"id":139,"href":"https:\/\/chriswpolsce25.pl\/index.php\/wp-json\/wp\/v2\/pages\/17\/revisions\/139"}],"wp:attachment":[{"href":"https:\/\/chriswpolsce25.pl\/index.php\/wp-json\/wp\/v2\/media?parent=17"}],"curies":[{"name":"wp","href":"https:\/\/api.w.org\/{rel}","templated":true}]}}