{"id":19,"date":"2025-07-24T21:09:59","date_gmt":"2025-07-24T19:09:59","guid":{"rendered":"https:\/\/chriswpolsce25.pl\/?page_id=19"},"modified":"2026-01-28T00:50:05","modified_gmt":"2026-01-27T23:50:05","slug":"materialy-z-zeszlych-lat","status":"publish","type":"page","link":"https:\/\/chriswpolsce25.pl\/index.php\/materialy-z-zeszlych-lat\/","title":{"rendered":"Materia\u0142y z zesz\u0142ych lat"},"content":{"rendered":"\n<p>Spotkanie w Centrum S\u0142u\u017cby Rodzinie w \u0141odzi &#8222;<strong>J\u0119zyk serca w rodzinie &#8211; jak Ewangelia i NVC mog\u0105 pom\u00f3c w budowaniu relacji rodzinnych&#8221; 30.08.2023<\/strong><\/p>\n\n\n\n<p><a href=\"https:\/\/youtu.be\/Lp055i2VIK8?si=cA55L3W1IpuFrIhG\">https:\/\/youtu.be\/Lp055i2VIK8?si=cA55L3W1IpuFrIhG<\/a> cz I<\/p>\n\n\n\n<p><a href=\"https:\/\/www.youtube.com\/watch?v=gll5dhfUN5w\">https:\/\/www.youtube.com\/watch?v=gll5dhfUN5w<\/a> cz II<\/p>\n\n\n\n<p><a href=\"https:\/\/youtu.be\/LP59tn5bAVA?si=xNx3CgEbo-fysKyv\">https:\/\/youtu.be\/LP59tn5bAVA?si=xNx3CgEbo-fysKyv<\/a> cz III<\/p>\n\n\n\n<p><strong>Artyku\u0142y<\/strong><\/p>\n\n\n\n<p><strong>Wywiad w portalu \u201eWi\u0119\u017a\u201d 26.11.2024<\/strong><\/p>\n\n\n\n<p><a href=\"https:\/\/wiez.pl\/2023\/11\/26\/budujac-relacje-z-samym-soba-budujesz-relacje-z-bogiem\/\" data-type=\"link\" data-id=\"https:\/\/wiez.pl\/2023\/11\/26\/budujac-relacje-z-samym-soba-budujesz-relacje-z-bogiem\/\">https:\/\/wiez.pl\/2023\/11\/26\/budujac-relacje-z-samym-soba-budujesz-relacje-z-bogiem\/<\/a><\/p>\n\n\n\n<p><\/p>\n\n\n\n<p><strong>Sprawozdanie ze spotkania w Klubie TP Krak\u00f3w 15.08.2024<\/strong><\/p>\n\n\n\n<p><a href=\"https:\/\/www.klubtygodnika.pl\/psychologia\/jezyk-serca-christlin-rajendram-sj-w-piwnicy-powszechnej\/33729\">https:\/\/www.klubtygodnika.pl\/psychologia\/jezyk-serca-christlin-rajendram-sj-w-piwnicy-powszechnej\/33729<\/a><\/p>\n\n\n\n<p><\/p>\n\n\n\n<p><strong>Rozmowa z Ojcem Chrisem &#8222;Wywiad z cz\u0142owiekiem&#8221; Paw\u0142a K\u0119ski w Radiu Warszawa 10.09.2024<\/strong><\/p>\n\n\n\n<p><iframe loading=\"lazy\" title=\"Sri Lanka - Pa\u0144stwo \u0142za by Radio Warszawa\" width=\"580\" height=\"400\" scrolling=\"no\" frameborder=\"no\" src=\"https:\/\/w.soundcloud.com\/player\/?visual=true&#038;url=https%3A%2F%2Fapi.soundcloud.com%2Ftracks%2F1913781584&#038;show_artwork=true&#038;maxheight=870&#038;maxwidth=580\"><\/iframe><\/p>\n\n\n\n<p><strong>Spotkanie w Klubie Tygodnika Powszechnego &#8222;Wiara pe\u0142na troski&#8221; 25.08<\/strong>.<strong>2024<\/strong><\/p>\n\n\n\n<figure class=\"wp-block-embed is-type-video is-provider-youtube wp-block-embed-youtube wp-embed-aspect-16-9 wp-has-aspect-ratio\"><div class=\"wp-block-embed__wrapper\">\n<iframe loading=\"lazy\" title=\"Wiara pe\u0142na troski - spotkanie z o. Christlinem Rajendramem SJ\" width=\"580\" height=\"326\" src=\"https:\/\/www.youtube.com\/embed\/clvjA9rR8Co?feature=oembed\" frameborder=\"0\" allow=\"accelerometer; autoplay; clipboard-write; encrypted-media; gyroscope; picture-in-picture; web-share\" referrerpolicy=\"strict-origin-when-cross-origin\" allowfullscreen><\/iframe>\n<\/div><\/figure>\n\n\n\n<p>Rozmowa Agnieszki Bara\u0144skiej z ojcem Chrisem  w ramach ,,Po prostu Podcast&#8221;<\/p>\n\n\n\n<figure class=\"wp-block-embed is-type-video is-provider-youtube wp-block-embed-youtube wp-embed-aspect-4-3 wp-has-aspect-ratio\"><div class=\"wp-block-embed__wrapper\">\n<iframe loading=\"lazy\" title=\"Spotkanie z Ojcem Chrisem. Krak\u00f3w, koniec lata 2024.\" width=\"580\" height=\"435\" src=\"https:\/\/www.youtube.com\/embed\/M7w3zA9nbAc?feature=oembed\" frameborder=\"0\" allow=\"accelerometer; autoplay; clipboard-write; encrypted-media; gyroscope; picture-in-picture; web-share\" referrerpolicy=\"strict-origin-when-cross-origin\" allowfullscreen><\/iframe>\n<\/div><\/figure>\n","protected":false},"excerpt":{"rendered":"<p>Spotkanie w Centrum S\u0142u\u017cby Rodzinie w \u0141odzi &#8222;J\u0119zyk serca w rodzinie &#8211; jak Ewangelia i NVC mog\u0105 pom\u00f3c w budowaniu relacji rodzinnych&#8221; 30.08.2023 https:\/\/youtu.be\/Lp055i2VIK8?si=cA55L3W1IpuFrIhG cz I https:\/\/www.youtube.com\/watch?v=gll5dhfUN5w cz II https:\/\/youtu.be\/LP59tn5bAVA?si=xNx3CgEbo-fysKyv cz III Artyku\u0142y Wywiad w portalu \u201eWi\u0119\u017a\u201d 26.11.2024 https:\/\/wiez.pl\/2023\/11\/26\/budujac-relacje-z-samym-soba-budujesz-relacje-z-bogiem\/ Sprawozdanie ze spotkania w Klubie TP Krak\u00f3w 15.08.2024 https:\/\/www.klubtygodnika.pl\/psychologia\/jezyk-serca-christlin-rajendram-sj-w-piwnicy-powszechnej\/33729 Rozmowa z Ojcem Chrisem &#8222;Wywiad z cz\u0142owiekiem&#8221; [&hellip;]<\/p>\n","protected":false},"author":1,"featured_media":0,"parent":0,"menu_order":0,"comment_status":"closed","ping_status":"closed","template":"","meta":{"footnotes":""},"class_list":["post-19","page","type-page","status-publish","hentry"],"_links":{"self":[{"href":"https:\/\/chriswpolsce25.pl\/index.php\/wp-json\/wp\/v2\/pages\/19","targetHints":{"allow":["GET"]}}],"collection":[{"href":"https:\/\/chriswpolsce25.pl\/index.php\/wp-json\/wp\/v2\/pages"}],"about":[{"href":"https:\/\/chriswpolsce25.pl\/index.php\/wp-json\/wp\/v2\/types\/page"}],"author":[{"embeddable":true,"href":"https:\/\/chriswpolsce25.pl\/index.php\/wp-json\/wp\/v2\/users\/1"}],"replies":[{"embeddable":true,"href":"https:\/\/chriswpolsce25.pl\/index.php\/wp-json\/wp\/v2\/comments?post=19"}],"version-history":[{"count":4,"href":"https:\/\/chriswpolsce25.pl\/index.php\/wp-json\/wp\/v2\/pages\/19\/revisions"}],"predecessor-version":[{"id":149,"href":"https:\/\/chriswpolsce25.pl\/index.php\/wp-json\/wp\/v2\/pages\/19\/revisions\/149"}],"wp:attachment":[{"href":"https:\/\/chriswpolsce25.pl\/index.php\/wp-json\/wp\/v2\/media?parent=19"}],"curies":[{"name":"wp","href":"https:\/\/api.w.org\/{rel}","templated":true}]}}