{"id":21,"date":"2025-07-24T21:08:07","date_gmt":"2025-07-24T19:08:07","guid":{"rendered":"https:\/\/chriswpolsce25.pl\/?page_id=21"},"modified":"2025-08-01T15:46:35","modified_gmt":"2025-08-01T13:46:35","slug":"english","status":"publish","type":"page","link":"https:\/\/chriswpolsce25.pl\/index.php\/english\/","title":{"rendered":"English"},"content":{"rendered":"\n<p>Father Christlin Rajendram will be in Poland from 29 Juy till 14 August 2025. On this website you can find all the information concerning meetings with him that will take place. Some of them are of religious nature, some are not. All the events will be held in English and Polish. All are welcome, regardless of their level of expertise in Nonviolent Communication (NVC) and spiritual affilliation.<\/p>\n\n\n\n<p><\/p>\n\n\n\n<p>Father Christlin Rajendram SJ is a trainer and practitioner of Nonviolent Communication. Father Christlin Rajendram is a Jesuit from Sri Lanka. In his country, he experienced the effects of the civil war that lasted there for 30 years. The turning point in his life came when, while studying communication in the USA, he met Marshall Rosenberg, the creator of the communication model of Nonviolent Communication ( NVC ). He was fascinated by NVC. He prefers to talk about a way of life rather than a method, about discovering the language of the heart. For many years, he has been running workshops and has trained many trainers, but he prefers conversation and dialogue to training and lectures. He believes that it is a practice available to every person, which can help develop a relationship with God, with oneself and with another person.<\/p>\n\n\n\n<p>30.07-03.08 Living nonviolence workshop<\/p>\n\n\n\n<p>04.08 5 pm  <strong>Spirituality and Multiculturalism &#8211; Conversations around the book by Scorsese and Spadaro<\/strong><\/p>\n\n\n\n<p>What is the role of spirituality in modern culture? Can stories from a remote culture help modern Europeans understand the world? How to reconcile cultural separateness with the vaules of culture and faith brought by Europeans to other continents?<\/p>\n\n\n\n<p>Discussion with the participation of Katarzyna Jab\u0142o\u0144ska- film critic, editor at &#8222;Wi\u0119\u017a&#8221; and Fr. Christlin Rajendram SJ &#8211; jesuit, communication trainer, traveller, film lover.<\/p>\n\n\n\n<p>The meeting will be facilitated by Magdalena Maci\u0144ska and interpreted consecutively by Katarzyna Mroczek.<\/p>\n\n\n\n<p>Meeting co-organized with &#8222;Wi\u0119\u017a&#8221; Publishing House<\/p>\n\n\n\n<p>Persepolish, Zamieniecka 19a Warsaw<\/p>\n\n\n\n<p><\/p>\n\n\n\n<p>06. 08 17:30 <strong>Fraternal dialogues 60 years after Nostra Aetate discussion panel with practicioners of Interreligoius dialogue<\/strong><\/p>\n\n\n\n<p>Panellists:<br>\u2022 Prof. Agata Skowron-Nalborczyk, Catholic Co-chair of the Council of Catholic and Muslims, Head of the Institute of European Islam at the Faculty of Oriental Studies at the University of Warsaw, member of Committee of Dialogue with Non-Christian Religions of the Polish Episcopate,member of European Council of Religious Leaders<br>\u2022 Fr. Prof. Andrzej Perzy\u0144ski, theology professor, member of the Committee of Dialogue with Judaism of the Polish Episcopate,<br>\u2022 Prof. Jerzy Sojka, member of the board of Polish Council of Christians and Jews, Lutheran theologian, professor at the Christian Theology Academy,<br>\u2022 Havva Merve Bulut Islamic teacher, holds MA in Islam theology at Ankara University, volunteer at Interfaith Platform\/Dunaj Dialogue Institute,<\/p>\n\n\n\n<ul class=\"wp-block-list\">\n<li>Rabbi Dawid Szychowski, rabbi at the No\u017cy\u00f3w Synagogue in Warsaw, member of CER (Conference of European Rabbis). Graduate of the CER programme \u201eRabinic Future of Europe&#8221;.<br>\u2022 Fr. Christlin Rajendram SJ holds PhD in communication, communication trainer.<br>Panel will be opened by Fr. Wojciech \u017bmudzi\u0144ski SJ, ECCC director, author of books on spirituality.<br>The meeting will be facilitated by Magdalena Maci\u0144ska \u2013 translator of the book &#8222;Jules Issac Jewish Conscience of the Church&#8221; by Norman Tobias (Polish edition by Austeria), which presents the context of promulgation of the Nostra Aetate.<\/li>\n<\/ul>\n\n\n\n<p>The speakers will share their positive experiences in religious dialogue as well as difficulties they encounter, and what others should be attentive to when talking about their faith.<\/p>\n\n\n\n<p>The meeting will take place in the year of commemorating the &#8222;Declaration on the Relation of the Church to non-Christian Religions of the II Vatican Council&#8221;, and in the scope of the visit to Poland Fr. Christlin Rajendram SJ.<\/p>\n\n\n\n<p>The discussion will take place in English and Polish (consecutive interpreting).<\/p>\n\n\n\n<p>The meeting is held under the auspices of the Polish Council of Christians and Jews, Joint Council of Catholics and Muslims, &#8222;Wi\u0119\u017a&#8221; and Kluby Tygodnika Powszechnego.<\/p>\n\n\n\n<p>European Centre of Culture and Communication, Olecka 30 Falenica<\/p>\n\n\n\n<p>08.08-10.08 &#8211;<strong>Living From the Heart<\/strong> spiritual retreat, Ostr\u00f3wek  <\/p>\n\n\n\n<p>11.08 &#8211; 17:00 Mass, 18:00 Meeting<\/p>\n\n\n\n<p> <strong>Sit at the Table Together<\/strong><\/p>\n\n\n\n<p><\/p>\n\n\n\n<p>We sit at the Table with our family, friends but sometimes with people, who we don&#8217;t get along with. How to make space for the other person? How to find a place for yourself? How to make place for everyone at the table ? <\/p>\n\n\n\n<p>We will talk about this with fr. Chris and sit together to have tea and snacks <\/p>\n\n\n\n<p><\/p>\n\n\n\n<p>Fundacja przy Stole, \u0141obzowska 47<\/p>\n\n\n\n<p>12.08 <strong>Loving Presence <\/strong><\/p>\n\n\n\n<p>What does it mean to cultivate a loving presence? A conversation. <\/p>\n\n\n\n<p>Leance, D\u0105browskiego 24<\/p>\n\n\n\n<p><\/p>\n\n\n\n<p><\/p>\n","protected":false},"excerpt":{"rendered":"<p>Father Christlin Rajendram will be in Poland from 29 Juy till 14 August 2025. On this website you can find all the information concerning meetings with him that will take place. Some of them are of religious nature, some are not. All the events will be held in English and Polish. All are welcome, regardless [&hellip;]<\/p>\n","protected":false},"author":1,"featured_media":0,"parent":0,"menu_order":0,"comment_status":"closed","ping_status":"closed","template":"","meta":{"footnotes":""},"class_list":["post-21","page","type-page","status-publish","hentry"],"_links":{"self":[{"href":"https:\/\/chriswpolsce25.pl\/index.php\/wp-json\/wp\/v2\/pages\/21","targetHints":{"allow":["GET"]}}],"collection":[{"href":"https:\/\/chriswpolsce25.pl\/index.php\/wp-json\/wp\/v2\/pages"}],"about":[{"href":"https:\/\/chriswpolsce25.pl\/index.php\/wp-json\/wp\/v2\/types\/page"}],"author":[{"embeddable":true,"href":"https:\/\/chriswpolsce25.pl\/index.php\/wp-json\/wp\/v2\/users\/1"}],"replies":[{"embeddable":true,"href":"https:\/\/chriswpolsce25.pl\/index.php\/wp-json\/wp\/v2\/comments?post=21"}],"version-history":[{"count":5,"href":"https:\/\/chriswpolsce25.pl\/index.php\/wp-json\/wp\/v2\/pages\/21\/revisions"}],"predecessor-version":[{"id":116,"href":"https:\/\/chriswpolsce25.pl\/index.php\/wp-json\/wp\/v2\/pages\/21\/revisions\/116"}],"wp:attachment":[{"href":"https:\/\/chriswpolsce25.pl\/index.php\/wp-json\/wp\/v2\/media?parent=21"}],"curies":[{"name":"wp","href":"https:\/\/api.w.org\/{rel}","templated":true}]}}