{"id":23,"date":"2025-07-24T21:11:24","date_gmt":"2025-07-24T19:11:24","guid":{"rendered":"https:\/\/chriswpolsce25.pl\/?page_id=23"},"modified":"2025-09-09T16:18:46","modified_gmt":"2025-09-09T14:18:46","slug":"organizatorzy","status":"publish","type":"page","link":"https:\/\/chriswpolsce25.pl\/index.php\/organizatorzy\/","title":{"rendered":"Organizatorzy"},"content":{"rendered":"\n<p>W 2025 roku ojciec Chris jest goszczony przez r\u00f3\u017cne grupy. Otwarte spotkania w Warszawie i Krakowie organizuj\u0105:<\/p>\n\n\n\n<p><strong>Magdalena Maci\u0144ska<\/strong><\/p>\n\n\n\n<p><img loading=\"lazy\" decoding=\"async\" width=\"150\" height=\"151\" class=\"wp-image-53\" style=\"width: 150px;\" src=\"https:\/\/chriswpolsce25.pl\/wp-content\/uploads\/2025\/07\/zdjecie-magdalena-macinska.jpg\" alt=\"\" srcset=\"https:\/\/chriswpolsce25.pl\/wp-content\/uploads\/2025\/07\/zdjecie-magdalena-macinska.jpg 1217w, https:\/\/chriswpolsce25.pl\/wp-content\/uploads\/2025\/07\/zdjecie-magdalena-macinska-298x300.jpg 298w, https:\/\/chriswpolsce25.pl\/wp-content\/uploads\/2025\/07\/zdjecie-magdalena-macinska-1018x1024.jpg 1018w, https:\/\/chriswpolsce25.pl\/wp-content\/uploads\/2025\/07\/zdjecie-magdalena-macinska-150x150.jpg 150w, https:\/\/chriswpolsce25.pl\/wp-content\/uploads\/2025\/07\/zdjecie-magdalena-macinska-768x772.jpg 768w, https:\/\/chriswpolsce25.pl\/wp-content\/uploads\/2025\/07\/zdjecie-magdalena-macinska-1200x1207.jpg 1200w\" sizes=\"auto, (max-width: 150px) 100vw, 150px\" \/><\/p>\n\n\n\n<p>T\u0142umaczka j\u0119zyk\u00f3w angielskiego i francuskiego. Przewodniczka w Muzeum Historii \u017byd\u00f3w Polskich POLIN, zaanga\u017cowana w dialog chrze\u015bcija\u0144sko-\u017cydowski. Zwi\u0105zana z Mi\u0119dzynarodowym Ruchem ATD Czwarty \u015awiat. Wsp\u00f3\u0142tworzy\u0142a projekt Tocopowiesz.pl, po\u015bwi\u0119cony rozmowom w na wa\u017cne tematy spo\u0142eczne w formule Kr\u0119g\u00f3w Dialogowych i Kr\u0119g\u00f3w Empatii. Wsp\u00f3\u0142organizowa\u0142a  i t\u0142umaczy\u0142a spotkania z o. Chrisem Rajendramem  w Polsce w 2023 i 2024. Cz\u0142onkini warszawskiego Klubu Tygodnika Powszechnego oraz grup roboczych Kongresu Katoliczek i Katolik\u00f3w.<\/p>\n\n\n\n<p><\/p>\n\n\n\n<p><strong>Katarzyna Mroczek<\/strong><\/p>\n\n\n\n<p><img loading=\"lazy\" decoding=\"async\" width=\"150\" height=\"244\" class=\"wp-image-54\" style=\"width: 150px;\" src=\"https:\/\/chriswpolsce25.pl\/wp-content\/uploads\/2025\/07\/kasia-i-pies.jpeg\" alt=\"\" srcset=\"https:\/\/chriswpolsce25.pl\/wp-content\/uploads\/2025\/07\/kasia-i-pies.jpeg 970w, https:\/\/chriswpolsce25.pl\/wp-content\/uploads\/2025\/07\/kasia-i-pies-184x300.jpeg 184w, https:\/\/chriswpolsce25.pl\/wp-content\/uploads\/2025\/07\/kasia-i-pies-628x1024.jpeg 628w, https:\/\/chriswpolsce25.pl\/wp-content\/uploads\/2025\/07\/kasia-i-pies-768x1252.jpeg 768w, https:\/\/chriswpolsce25.pl\/wp-content\/uploads\/2025\/07\/kasia-i-pies-942x1536.jpeg 942w\" sizes=\"auto, (max-width: 150px) 100vw, 150px\" \/><\/p>\n\n\n\n<p>Certyfikowana praktyczka Terapii Uzdrawiaj\u0105cego Rezonansu (Resonant Healing Practitioner\u00ae), trenerka komunikacji empatycznej w nurcie NVC.<br>Z wykszta\u0142cenia architekt, absolwentka Politechniki Krakowskiej, podyplomowych studi\u00f3w trenerskich na Collegium Civitas, Needs Based Coaching i Mindfulness. W  2023-2024 organizowa\u0142a spotkania z ojcem Chrisem w Krakowie, t\u0142umaczy\u0142a spotkania z nim.<\/p>\n\n\n\n<p><strong>Adrianna Abel<\/strong><\/p>\n\n\n\n<p><img loading=\"lazy\" decoding=\"async\" width=\"150\" height=\"200\" class=\"wp-image-105\" style=\"width: 150px;\" src=\"https:\/\/chriswpolsce25.pl\/wp-content\/uploads\/2025\/07\/ada.jpg\" alt=\"\" srcset=\"https:\/\/chriswpolsce25.pl\/wp-content\/uploads\/2025\/07\/ada.jpg 1200w, https:\/\/chriswpolsce25.pl\/wp-content\/uploads\/2025\/07\/ada-225x300.jpg 225w, https:\/\/chriswpolsce25.pl\/wp-content\/uploads\/2025\/07\/ada-768x1024.jpg 768w, https:\/\/chriswpolsce25.pl\/wp-content\/uploads\/2025\/07\/ada-1152x1536.jpg 1152w\" sizes=\"auto, (max-width: 150px) 100vw, 150px\" \/><\/p>\n\n\n\n<p>Jedyne co u niej sta\u0142e to zmiana, bycie w ruchu (w podr\u00f3\u017cy i w ta\u0144cu). Kocha g\u00f3ry i zawsze do nich wraca.<\/p>\n\n\n\n<p>By\u0142a spo\u0142ecznikiem, uczy\u0142a obcokrajowc\u00f3w polskiego a Polak\u00f3w angielskiego. Czasem t\u0142umaczy\u0142a z angielskiego teksty dotycz\u0105ce teatru itp, pisywa\u0142a do&nbsp;<em>&#8211; Maszyny Interpretacyjn<\/em>ej. Prowadzi\u0142a&nbsp;zaj\u0119cia teatralne dla dzieci&nbsp;<em>Lataj\u0105cy kufer&nbsp;<\/em>oraz warsztaty dla dzieci&nbsp;<em>J\u0119zyk szakala, j\u0119zyk \u017cyrafy&nbsp;<\/em>. Stworzy\u0142a z przyjaci\u00f3\u0142mi kilka spektakli teatralnych. Ma doros\u0142ego syna.<\/p>\n\n\n\n<p><\/p>\n\n\n\n<p><\/p>\n\n\n\n<p><strong>Beata Kocio\u0142ek<\/strong> &#8211; grafiki harmonogram\u00f3w, wsparcie wydarze\u0144 w Krakowie<\/p>\n\n\n\n<p><img loading=\"lazy\" decoding=\"async\" width=\"150\" height=\"176\" class=\"wp-image-119\" style=\"width: 150px;\" src=\"https:\/\/chriswpolsce25.pl\/wp-content\/uploads\/2025\/08\/bea-fotka.jpg\" alt=\"\" srcset=\"https:\/\/chriswpolsce25.pl\/wp-content\/uploads\/2025\/08\/bea-fotka.jpg 908w, https:\/\/chriswpolsce25.pl\/wp-content\/uploads\/2025\/08\/bea-fotka-256x300.jpg 256w, https:\/\/chriswpolsce25.pl\/wp-content\/uploads\/2025\/08\/bea-fotka-872x1024.jpg 872w, https:\/\/chriswpolsce25.pl\/wp-content\/uploads\/2025\/08\/bea-fotka-768x902.jpg 768w\" sizes=\"auto, (max-width: 150px) 100vw, 150px\" \/><\/p>\n\n\n\n<p><\/p>\n\n\n\n<p>Trenerka komunikacji empatycznej w procesie certyfikacji NVC. Prawniczka, coach i mediatorka. Pasjonatka metody Systemic Consensing, kt\u00f3ra wspiera podejmowanie decyzji w grupie, wsp\u00f3\u0142tworz\u0105c rozwi\u0105zania, kt\u00f3re dzia\u0142aj\u0105 dla wszystkich. Pracuje indywidualnie i z grupami. Zafascynowana dialogiem \u0142\u0105cz\u0105cym nas w cz\u0142owiecze\u0144stwie, S\u0142owem, kt\u00f3re mo\u017ce zmieni\u0107 \u015bwiat i Cisz\u0105 spotkania z samym sob\u0105 a tak\u017ce Zmian\u0105 Spo\u0142eczn\u0105, kt\u00f3ra si\u0119 wydarza tu i teraz.<\/p>\n\n\n\n<p>Specjalne podzi\u0119kowania dla:<\/p>\n\n\n\n<p><strong>Nil\u00fcfer Dalk\u0131l\u0131\u00e7<\/strong> za grafik\u0119 na spotkanie o &#8222;Nostra aetate&#8221;.<\/p>\n\n\n\n<p><strong>Aleksandry Harazin<\/strong> za grafik\u0119 do spotkania &#8222;Usi\u0105\u015b\u0107 do sto\u0142u&#8221; i za wsparcie empatyczne.<\/p>\n\n\n\n<p><strong>Karoliny Mata\u0142owskiej<\/strong> za nagranie spotkania 4 sierpnia, za wo\u017cenie na spotkania, za konsultacje medyczne i za \u017cyczliwo\u015b\u0107 i gotowo\u015b\u0107 wsparcia wszelakiego.<\/p>\n\n\n\n<p><strong>Piotra <\/strong>za obs\u0142ug\u0119 transmisji podczas spotkania 6 sierpnia.<\/p>\n\n\n\n<p><strong>Marty D\u0142ugo\u0142\u0119ckiej<\/strong> za t\u0142umaczenie konsekutywne 6 sierpnia.<\/p>\n\n\n\n<p><strong>Anety Sk\u00f3ry <\/strong>za wsparcie liturgii 11 sierpnia, wsparcie empatyczne i upowszechnianie informacji o wydarzeniach.<\/p>\n\n\n\n<p><strong>Joanny Stawiarskiej<\/strong> za wsparcie empatyczne i pomoc w promocji na Facebooku.<\/p>\n\n\n\n<p><strong>Katarzyny Jab\u0142o\u0144skiej<\/strong> za pomoc w uzyskaniu patronat\u00f3w i go\u015bci na spotkanie 6 sierpnia.<\/p>\n\n\n\n<p><\/p>\n\n\n\n<p><\/p>\n\n\n\n<p><strong>Organizator<\/strong>:<\/p>\n\n\n\n<figure class=\"wp-block-image size-large\"><img loading=\"lazy\" decoding=\"async\" width=\"1024\" height=\"931\" src=\"https:\/\/chriswpolsce25.pl\/wp-content\/uploads\/2025\/07\/marebito_logo_OK-rgb-1-1024x931.jpg\" alt=\"\" class=\"wp-image-29\" srcset=\"https:\/\/chriswpolsce25.pl\/wp-content\/uploads\/2025\/07\/marebito_logo_OK-rgb-1-1024x931.jpg 1024w, https:\/\/chriswpolsce25.pl\/wp-content\/uploads\/2025\/07\/marebito_logo_OK-rgb-1-300x273.jpg 300w, https:\/\/chriswpolsce25.pl\/wp-content\/uploads\/2025\/07\/marebito_logo_OK-rgb-1-768x698.jpg 768w, https:\/\/chriswpolsce25.pl\/wp-content\/uploads\/2025\/07\/marebito_logo_OK-rgb-1-1200x1091.jpg 1200w, https:\/\/chriswpolsce25.pl\/wp-content\/uploads\/2025\/07\/marebito_logo_OK-rgb-1.jpg 1299w\" sizes=\"auto, (max-width: 1024px) 100vw, 1024px\" \/><\/figure>\n\n\n\n<p><em>Marebito&nbsp;<\/em>oznacza w\u0119drownego aktora oraz &#8211; w&nbsp;drugim znaczeniu &#8211; osob\u0119, kt\u00f3ra nie pod\u0105\u017ca za mod\u0105, nie poddaje konformizmowi tylko przeciera nowe szlaki. Tworzymy niekomercyjne przedstawienia teatralne i&nbsp;taneczne.&nbsp;Wspieramy ciekawe inicjatywy spo\u0142eczne.&nbsp;Zale\u017cy nam na stworzeniu sytuacji bezpo\u015bredniego spotkania. Spotkania z&nbsp;inn\u0105 kultur\u0105, sztuk\u0105, drugim cz\u0142owiekiem.&nbsp;<\/p>\n\n\n\n<p><strong>Chcemy tworzy\u0107 pomost pomi\u0119dzy sztuk\u0105 tradycyjn\u0105 a&nbsp;wsp\u00f3\u0142czesno\u015bci\u0105. Pomost mi\u0119dzy kulturami i&nbsp;j\u0119zykami s\u0142u\u017c\u0105cy wzajemnemu zrozumieniu, szacunkowi i&nbsp;tolerancji.<\/strong><\/p>\n\n\n\n<p>link:&nbsp;<a href=\"https:\/\/www.marebito.pl\/pl\/o-fundacji-marebito\">https:\/\/www.marebito.pl\/pl\/o-fundacji-marebito<\/a><\/p>\n\n\n\n<p>Instytucje goszcz\u0105ce: <\/p>\n\n\n\n<figure class=\"wp-block-image size-large\"><img loading=\"lazy\" decoding=\"async\" width=\"1024\" height=\"565\" src=\"https:\/\/chriswpolsce25.pl\/wp-content\/uploads\/2025\/07\/ECCC-pl-cmyk-1024x565.jpg\" alt=\"\" class=\"wp-image-25\" srcset=\"https:\/\/chriswpolsce25.pl\/wp-content\/uploads\/2025\/07\/ECCC-pl-cmyk-1024x565.jpg 1024w, https:\/\/chriswpolsce25.pl\/wp-content\/uploads\/2025\/07\/ECCC-pl-cmyk-300x166.jpg 300w, https:\/\/chriswpolsce25.pl\/wp-content\/uploads\/2025\/07\/ECCC-pl-cmyk-768x424.jpg 768w, https:\/\/chriswpolsce25.pl\/wp-content\/uploads\/2025\/07\/ECCC-pl-cmyk.jpg 1087w\" sizes=\"auto, (max-width: 1024px) 100vw, 1024px\" \/><\/figure>\n\n\n\n<figure class=\"wp-block-image size-large\"><img loading=\"lazy\" decoding=\"async\" width=\"1024\" height=\"1024\" src=\"https:\/\/chriswpolsce25.pl\/wp-content\/uploads\/2025\/07\/Logo-Fundacji-Przy-Stole-1024x1024.jpg\" alt=\"\" class=\"wp-image-26\" srcset=\"https:\/\/chriswpolsce25.pl\/wp-content\/uploads\/2025\/07\/Logo-Fundacji-Przy-Stole-1024x1024.jpg 1024w, https:\/\/chriswpolsce25.pl\/wp-content\/uploads\/2025\/07\/Logo-Fundacji-Przy-Stole-300x300.jpg 300w, https:\/\/chriswpolsce25.pl\/wp-content\/uploads\/2025\/07\/Logo-Fundacji-Przy-Stole-150x150.jpg 150w, https:\/\/chriswpolsce25.pl\/wp-content\/uploads\/2025\/07\/Logo-Fundacji-Przy-Stole-768x768.jpg 768w, https:\/\/chriswpolsce25.pl\/wp-content\/uploads\/2025\/07\/Logo-Fundacji-Przy-Stole-1536x1536.jpg 1536w, https:\/\/chriswpolsce25.pl\/wp-content\/uploads\/2025\/07\/Logo-Fundacji-Przy-Stole-1200x1200.jpg 1200w, https:\/\/chriswpolsce25.pl\/wp-content\/uploads\/2025\/07\/Logo-Fundacji-Przy-Stole.jpg 1563w\" sizes=\"auto, (max-width: 1024px) 100vw, 1024px\" \/><figcaption class=\"wp-element-caption\">xr:d:DAFcLm9zpIM:70,j:1464063780613403573,t:23061908<\/figcaption><\/figure>\n\n\n\n<figure class=\"wp-block-image size-large\"><img loading=\"lazy\" decoding=\"async\" width=\"1024\" height=\"727\" src=\"https:\/\/chriswpolsce25.pl\/wp-content\/uploads\/2025\/07\/logo-persepolish-1024x727.jpg\" alt=\"\" class=\"wp-image-58\" srcset=\"https:\/\/chriswpolsce25.pl\/wp-content\/uploads\/2025\/07\/logo-persepolish-1024x727.jpg 1024w, https:\/\/chriswpolsce25.pl\/wp-content\/uploads\/2025\/07\/logo-persepolish-300x213.jpg 300w, https:\/\/chriswpolsce25.pl\/wp-content\/uploads\/2025\/07\/logo-persepolish-768x546.jpg 768w, https:\/\/chriswpolsce25.pl\/wp-content\/uploads\/2025\/07\/logo-persepolish-1536x1091.jpg 1536w, https:\/\/chriswpolsce25.pl\/wp-content\/uploads\/2025\/07\/logo-persepolish-2048x1455.jpg 2048w, https:\/\/chriswpolsce25.pl\/wp-content\/uploads\/2025\/07\/logo-persepolish-1200x852.jpg 1200w, https:\/\/chriswpolsce25.pl\/wp-content\/uploads\/2025\/07\/logo-persepolish-1980x1407.jpg 1980w\" sizes=\"auto, (max-width: 1024px) 100vw, 1024px\" \/><\/figure>\n\n\n\n<p><strong>Instytucje partnerskie:<\/strong><\/p>\n\n\n\n<figure class=\"wp-block-image size-large\"><img loading=\"lazy\" decoding=\"async\" width=\"1024\" height=\"576\" src=\"https:\/\/chriswpolsce25.pl\/wp-content\/uploads\/2025\/07\/Logo-renkli-1024x576.png\" alt=\"\" class=\"wp-image-27\" srcset=\"https:\/\/chriswpolsce25.pl\/wp-content\/uploads\/2025\/07\/Logo-renkli-1024x576.png 1024w, https:\/\/chriswpolsce25.pl\/wp-content\/uploads\/2025\/07\/Logo-renkli-300x169.png 300w, https:\/\/chriswpolsce25.pl\/wp-content\/uploads\/2025\/07\/Logo-renkli-768x432.png 768w, https:\/\/chriswpolsce25.pl\/wp-content\/uploads\/2025\/07\/Logo-renkli-1536x864.png 1536w, https:\/\/chriswpolsce25.pl\/wp-content\/uploads\/2025\/07\/Logo-renkli-1200x675.png 1200w, https:\/\/chriswpolsce25.pl\/wp-content\/uploads\/2025\/07\/Logo-renkli.png 1920w\" sizes=\"auto, (max-width: 1024px) 100vw, 1024px\" \/><\/figure>\n\n\n\n<figure class=\"wp-block-image size-large\"><img loading=\"lazy\" decoding=\"async\" width=\"1024\" height=\"372\" src=\"https:\/\/chriswpolsce25.pl\/wp-content\/uploads\/2025\/07\/Wiez_logo_negatyw-1024x372.jpg\" alt=\"\" class=\"wp-image-28\" srcset=\"https:\/\/chriswpolsce25.pl\/wp-content\/uploads\/2025\/07\/Wiez_logo_negatyw-1024x372.jpg 1024w, https:\/\/chriswpolsce25.pl\/wp-content\/uploads\/2025\/07\/Wiez_logo_negatyw-300x109.jpg 300w, https:\/\/chriswpolsce25.pl\/wp-content\/uploads\/2025\/07\/Wiez_logo_negatyw-768x279.jpg 768w, https:\/\/chriswpolsce25.pl\/wp-content\/uploads\/2025\/07\/Wiez_logo_negatyw.jpg 1083w\" sizes=\"auto, (max-width: 1024px) 100vw, 1024px\" \/><\/figure>\n\n\n\n<figure class=\"wp-block-image size-large\"><img loading=\"lazy\" decoding=\"async\" width=\"1024\" height=\"390\" src=\"https:\/\/chriswpolsce25.pl\/wp-content\/uploads\/2025\/07\/klubtygodnika_logo_bez_tla-1-1-1024x390.png\" alt=\"\" class=\"wp-image-70\" srcset=\"https:\/\/chriswpolsce25.pl\/wp-content\/uploads\/2025\/07\/klubtygodnika_logo_bez_tla-1-1-1024x390.png 1024w, https:\/\/chriswpolsce25.pl\/wp-content\/uploads\/2025\/07\/klubtygodnika_logo_bez_tla-1-1-300x114.png 300w, https:\/\/chriswpolsce25.pl\/wp-content\/uploads\/2025\/07\/klubtygodnika_logo_bez_tla-1-1-768x293.png 768w, https:\/\/chriswpolsce25.pl\/wp-content\/uploads\/2025\/07\/klubtygodnika_logo_bez_tla-1-1-1200x457.png 1200w, https:\/\/chriswpolsce25.pl\/wp-content\/uploads\/2025\/07\/klubtygodnika_logo_bez_tla-1-1.png 1241w\" sizes=\"auto, (max-width: 1024px) 100vw, 1024px\" \/><\/figure>\n","protected":false},"excerpt":{"rendered":"<p>W 2025 roku ojciec Chris jest goszczony przez r\u00f3\u017cne grupy. Otwarte spotkania w Warszawie i Krakowie organizuj\u0105: Magdalena Maci\u0144ska T\u0142umaczka j\u0119zyk\u00f3w angielskiego i francuskiego. Przewodniczka w Muzeum Historii \u017byd\u00f3w Polskich POLIN, zaanga\u017cowana w dialog chrze\u015bcija\u0144sko-\u017cydowski. Zwi\u0105zana z Mi\u0119dzynarodowym Ruchem ATD Czwarty \u015awiat. Wsp\u00f3\u0142tworzy\u0142a projekt Tocopowiesz.pl, po\u015bwi\u0119cony rozmowom w na wa\u017cne tematy spo\u0142eczne w formule Kr\u0119g\u00f3w [&hellip;]<\/p>\n","protected":false},"author":1,"featured_media":0,"parent":0,"menu_order":0,"comment_status":"closed","ping_status":"closed","template":"","meta":{"footnotes":""},"class_list":["post-23","page","type-page","status-publish","hentry"],"_links":{"self":[{"href":"https:\/\/chriswpolsce25.pl\/index.php\/wp-json\/wp\/v2\/pages\/23","targetHints":{"allow":["GET"]}}],"collection":[{"href":"https:\/\/chriswpolsce25.pl\/index.php\/wp-json\/wp\/v2\/pages"}],"about":[{"href":"https:\/\/chriswpolsce25.pl\/index.php\/wp-json\/wp\/v2\/types\/page"}],"author":[{"embeddable":true,"href":"https:\/\/chriswpolsce25.pl\/index.php\/wp-json\/wp\/v2\/users\/1"}],"replies":[{"embeddable":true,"href":"https:\/\/chriswpolsce25.pl\/index.php\/wp-json\/wp\/v2\/comments?post=23"}],"version-history":[{"count":10,"href":"https:\/\/chriswpolsce25.pl\/index.php\/wp-json\/wp\/v2\/pages\/23\/revisions"}],"predecessor-version":[{"id":143,"href":"https:\/\/chriswpolsce25.pl\/index.php\/wp-json\/wp\/v2\/pages\/23\/revisions\/143"}],"wp:attachment":[{"href":"https:\/\/chriswpolsce25.pl\/index.php\/wp-json\/wp\/v2\/media?parent=23"}],"curies":[{"name":"wp","href":"https:\/\/api.w.org\/{rel}","templated":true}]}}