{"id":89,"date":"2025-07-26T13:30:52","date_gmt":"2025-07-26T11:30:52","guid":{"rendered":"https:\/\/chriswpolsce25.pl\/?page_id=89"},"modified":"2025-07-26T15:09:03","modified_gmt":"2025-07-26T13:09:03","slug":"zrobic-miejsce-przy-stole","status":"publish","type":"page","link":"https:\/\/chriswpolsce25.pl\/index.php\/zrobic-miejsce-przy-stole\/","title":{"rendered":"Zrobi\u0107 miejsce przy stole"},"content":{"rendered":"\n<figure class=\"wp-block-image size-large\"><img loading=\"lazy\" decoding=\"async\" width=\"1024\" height=\"576\" src=\"https:\/\/chriswpolsce25.pl\/wp-content\/uploads\/2025\/07\/11-sierpnia-1024x576.png\" alt=\"\" class=\"wp-image-90\" srcset=\"https:\/\/chriswpolsce25.pl\/wp-content\/uploads\/2025\/07\/11-sierpnia-1024x576.png 1024w, https:\/\/chriswpolsce25.pl\/wp-content\/uploads\/2025\/07\/11-sierpnia-300x169.png 300w, https:\/\/chriswpolsce25.pl\/wp-content\/uploads\/2025\/07\/11-sierpnia-768x432.png 768w, https:\/\/chriswpolsce25.pl\/wp-content\/uploads\/2025\/07\/11-sierpnia-1536x864.png 1536w, https:\/\/chriswpolsce25.pl\/wp-content\/uploads\/2025\/07\/11-sierpnia-1200x675.png 1200w, https:\/\/chriswpolsce25.pl\/wp-content\/uploads\/2025\/07\/11-sierpnia.png 1920w\" sizes=\"auto, (max-width: 1024px) 100vw, 1024px\" \/><\/figure>\n\n\n\n<p>Do sto\u0142u siadamy z rodzin\u0105, przyjaci\u00f3\u0142mi, ale te\u017c czasem z lud\u017ami, z kt\u00f3rymi nam nie po drodze. Jak zrobi\u0107 miejsce przy stole dla drugiej osoby? Jak znale\u017a\u0107 miejsce dla siebie? Jak sprawi\u0107, \u017ceby przy stole by\u0142o miejsce dla wszystkich?<\/p>\n\n\n\n<p>O tym porozmawiamy z o. Christlinem Rajendramem, jezuit\u0105 i trenerem komunikacji empatycznej (Porozumienia bez Przemocy \u2013 NVC), kt\u00f3ry ma do\u015bwiadczenie \u017cycia w czasie wojny i pokoju, w r\u00f3\u017cnych krajach i \u015brodowiskach.<\/p>\n\n\n\n<p>Zasi\u0105dziemy te\u017c razem do sto\u0142u przy herbacie!<\/p>\n\n\n\n<p>Dla ch\u0119tnych \u201emsza przy stole\u201d.<\/p>\n\n\n\n<p><\/p>\n\n\n\n<p>17:00- msza<\/p>\n\n\n\n<p>18:00 &#8211; spotkanie <\/p>\n\n\n\n<p>Fundacja Przy Stole, \u0141obzowska 47\/5<\/p>\n","protected":false},"excerpt":{"rendered":"<p>Do sto\u0142u siadamy z rodzin\u0105, przyjaci\u00f3\u0142mi, ale te\u017c czasem z lud\u017ami, z kt\u00f3rymi nam nie po drodze. Jak zrobi\u0107 miejsce przy stole dla drugiej osoby? Jak znale\u017a\u0107 miejsce dla siebie? Jak sprawi\u0107, \u017ceby przy stole by\u0142o miejsce dla wszystkich? O tym porozmawiamy z o. Christlinem Rajendramem, jezuit\u0105 i trenerem komunikacji empatycznej (Porozumienia bez Przemocy \u2013 [&hellip;]<\/p>\n","protected":false},"author":1,"featured_media":0,"parent":0,"menu_order":0,"comment_status":"closed","ping_status":"closed","template":"","meta":{"footnotes":""},"class_list":["post-89","page","type-page","status-publish","hentry"],"_links":{"self":[{"href":"https:\/\/chriswpolsce25.pl\/index.php\/wp-json\/wp\/v2\/pages\/89","targetHints":{"allow":["GET"]}}],"collection":[{"href":"https:\/\/chriswpolsce25.pl\/index.php\/wp-json\/wp\/v2\/pages"}],"about":[{"href":"https:\/\/chriswpolsce25.pl\/index.php\/wp-json\/wp\/v2\/types\/page"}],"author":[{"embeddable":true,"href":"https:\/\/chriswpolsce25.pl\/index.php\/wp-json\/wp\/v2\/users\/1"}],"replies":[{"embeddable":true,"href":"https:\/\/chriswpolsce25.pl\/index.php\/wp-json\/wp\/v2\/comments?post=89"}],"version-history":[{"count":2,"href":"https:\/\/chriswpolsce25.pl\/index.php\/wp-json\/wp\/v2\/pages\/89\/revisions"}],"predecessor-version":[{"id":93,"href":"https:\/\/chriswpolsce25.pl\/index.php\/wp-json\/wp\/v2\/pages\/89\/revisions\/93"}],"wp:attachment":[{"href":"https:\/\/chriswpolsce25.pl\/index.php\/wp-json\/wp\/v2\/media?parent=89"}],"curies":[{"name":"wp","href":"https:\/\/api.w.org\/{rel}","templated":true}]}}