{"id":9,"date":"2025-07-24T21:09:25","date_gmt":"2025-07-24T19:09:25","guid":{"rendered":"https:\/\/chriswpolsce25.pl\/?page_id=9"},"modified":"2025-08-02T00:19:56","modified_gmt":"2025-08-01T22:19:56","slug":"harmonogram-wizyty","status":"publish","type":"page","link":"https:\/\/chriswpolsce25.pl\/index.php\/harmonogram-wizyty\/","title":{"rendered":"Harmonogram spotka\u0144"},"content":{"rendered":"\n<p>30.07-03.08 &#8211; <a href=\"https:\/\/nvcfundacjazyrafy.pl\/wydarzenie\/living-nonviolence\/\" data-type=\"link\" data-id=\"https:\/\/nvcfundacjazyrafy.pl\/wydarzenie\/living-nonviolence\/\">warsztaty Living Non-violence<\/a> Fundacja NVC \u017byrafy <\/p>\n\n\n\n<p>04. 08, godz. 17:00 &#8211; <strong>Duchowo\u015b\u0107 \u00a0i wielokulturowo\u015b\u0107 \u2013 rozmowy wok\u00f3\u0142 ksi\u0105\u017cki <em>Dialogi o Wierze <\/em>Martina Scorsese i Antoniego Spadaro<\/strong><em> <\/em>\u00a0z udzia\u0142em Katarzyny Jab\u0142o\u0144skiej \u2013 filmoznawczyni,\u00a0 redaktorki \u201eWi\u0119zi\u201d<\/p>\n\n\n\n<p>Dom Kultury i Zabaw Persepolish, Zamieniecka 19a <\/p>\n\n\n\n<p>Spotkanie organizowane we wsp\u00f3\u0142pracy z Wydawnictwem &#8222;Wi\u0119\u017a&#8221;.<\/p>\n\n\n\n<p><\/p>\n\n\n\n<p>06.08 &#8211; godz. 17:30 <strong>Braterskie rozmowy 60 lat po og\u0142oszeniu deklaracji Nostra Aetate panel dyskusyjny<\/strong> <strong>z udzia\u0142em praktyk\u00f3w dialogu mi\u0119dzyreligijnego<\/strong><\/p>\n\n\n\n<p>Europejskie Centrum Komunikacji i Kultury, Olecka 30, Falenica<\/p>\n\n\n\n<p>Spotkanie odbywa si\u0119 pod patronatem Polskiej Rady Chrze\u015bcijan i \u017byd\u00f3w, Rady Wsp\u00f3lnej Katolik\u00f3w i Muzu\u0142man\u00f3w ,  &#8222;Wi\u0119zi&#8221; oraz Klub\u00f3w Tygodnika Powszechnego.<\/p>\n\n\n\n<p>8.08-10.08 &#8211;  Rekolekcje &#8222;<a href=\"https:\/\/kroki1234.pl\/2025-08-ostrowek\/\" data-type=\"link\" data-id=\"https:\/\/kroki1234.pl\/2025-08-ostrowek\/\">\u017byj\u0105c j\u0119zykiem serca<\/a>&#8222;, Ostr\u00f3wek<\/p>\n\n\n\n<p>Zapisy: <a href=\"https:\/\/docs.google.com\/forms\/d\/e\/1FAIpQLSfpAp9q7tAKOskNTKlFCtXbJzfwyVKY2itnWp0wkHXOpw6mFQ\/viewform\">https:\/\/docs.google.com\/forms\/d\/e\/1FAIpQLSfpAp9q7tAKOskNTKlFCtXbJzfwyVKY2itnWp0wkHXOpw6mFQ\/viewform<\/a><\/p>\n\n\n\n<p>11.08, godz. 17:00- msza, 18:00 spotkanie &#8211; <strong>Zrobi\u0107 miejsce przy stole<\/strong><\/p>\n\n\n\n<p>Fundacja przy Stole, \u0141obzowska 47\/5, Krak\u00f3w<\/p>\n\n\n\n<p><\/p>\n\n\n\n<p>12.08.  17:00 &#8222;<strong>Mi\u0142uj\u0105ca obecno\u015b\u0107<\/strong>&#8222;<\/p>\n\n\n\n<p>Leance, D\u0105browskiego 24<\/p>\n\n\n\n<p><\/p>\n","protected":false},"excerpt":{"rendered":"<p>30.07-03.08 &#8211; warsztaty Living Non-violence Fundacja NVC \u017byrafy 04. 08, godz. 17:00 &#8211; Duchowo\u015b\u0107 \u00a0i wielokulturowo\u015b\u0107 \u2013 rozmowy wok\u00f3\u0142 ksi\u0105\u017cki Dialogi o Wierze Martina Scorsese i Antoniego Spadaro \u00a0z udzia\u0142em Katarzyny Jab\u0142o\u0144skiej \u2013 filmoznawczyni,\u00a0 redaktorki \u201eWi\u0119zi\u201d Dom Kultury i Zabaw Persepolish, Zamieniecka 19a Spotkanie organizowane we wsp\u00f3\u0142pracy z Wydawnictwem &#8222;Wi\u0119\u017a&#8221;. 06.08 &#8211; godz. 17:30 Braterskie [&hellip;]<\/p>\n","protected":false},"author":1,"featured_media":0,"parent":0,"menu_order":0,"comment_status":"closed","ping_status":"closed","template":"","meta":{"footnotes":""},"class_list":["post-9","page","type-page","status-publish","hentry"],"_links":{"self":[{"href":"https:\/\/chriswpolsce25.pl\/index.php\/wp-json\/wp\/v2\/pages\/9","targetHints":{"allow":["GET"]}}],"collection":[{"href":"https:\/\/chriswpolsce25.pl\/index.php\/wp-json\/wp\/v2\/pages"}],"about":[{"href":"https:\/\/chriswpolsce25.pl\/index.php\/wp-json\/wp\/v2\/types\/page"}],"author":[{"embeddable":true,"href":"https:\/\/chriswpolsce25.pl\/index.php\/wp-json\/wp\/v2\/users\/1"}],"replies":[{"embeddable":true,"href":"https:\/\/chriswpolsce25.pl\/index.php\/wp-json\/wp\/v2\/comments?post=9"}],"version-history":[{"count":10,"href":"https:\/\/chriswpolsce25.pl\/index.php\/wp-json\/wp\/v2\/pages\/9\/revisions"}],"predecessor-version":[{"id":117,"href":"https:\/\/chriswpolsce25.pl\/index.php\/wp-json\/wp\/v2\/pages\/9\/revisions\/117"}],"wp:attachment":[{"href":"https:\/\/chriswpolsce25.pl\/index.php\/wp-json\/wp\/v2\/media?parent=9"}],"curies":[{"name":"wp","href":"https:\/\/api.w.org\/{rel}","templated":true}]}}