{"id":97,"date":"2025-07-29T12:28:43","date_gmt":"2025-07-29T10:28:43","guid":{"rendered":"https:\/\/chriswpolsce25.pl\/?page_id=97"},"modified":"2025-07-29T12:28:43","modified_gmt":"2025-07-29T10:28:43","slug":"milujaca-obecnosc","status":"publish","type":"page","link":"https:\/\/chriswpolsce25.pl\/index.php\/milujaca-obecnosc\/","title":{"rendered":"Mi\u0142uj\u0105ca obecno\u015b\u0107"},"content":{"rendered":"\n<figure class=\"wp-block-image size-large\"><img loading=\"lazy\" decoding=\"async\" width=\"1024\" height=\"536\" src=\"https:\/\/chriswpolsce25.pl\/wp-content\/uploads\/2025\/07\/leance-1024x536.jpg\" alt=\"\" class=\"wp-image-98\" srcset=\"https:\/\/chriswpolsce25.pl\/wp-content\/uploads\/2025\/07\/leance-1024x536.jpg 1024w, https:\/\/chriswpolsce25.pl\/wp-content\/uploads\/2025\/07\/leance-300x157.jpg 300w, https:\/\/chriswpolsce25.pl\/wp-content\/uploads\/2025\/07\/leance-768x402.jpg 768w, https:\/\/chriswpolsce25.pl\/wp-content\/uploads\/2025\/07\/leance.jpg 1200w\" sizes=\"auto, (max-width: 1024px) 100vw, 1024px\" \/><\/figure>\n\n\n\n<p><img loading=\"lazy\" decoding=\"async\" height=\"16\" width=\"16\" alt=\"\ud83d\udc9a\" src=\"https:\/\/static.xx.fbcdn.net\/images\/emoji.php\/v9\/t94\/1\/16\/1f49a.png\">&nbsp;Po raz 3 b\u0119dziemy mieli okazj\u0119 spotkania i do\u015bwiadczenia wyj\u0105tkowej obecno\u015bci ojca Christlina Rajendrama w Krakowie.<\/p>\n\n\n\n<p><img loading=\"lazy\" decoding=\"async\" height=\"16\" width=\"16\" alt=\"\ud83d\udc9a\" src=\"https:\/\/static.xx.fbcdn.net\/images\/emoji.php\/v9\/t94\/1\/16\/1f49a.png\">&nbsp;Ojciec Chris jest jezuit\u0105, doktorem komunikacji, asesorem CNVC i u\u015bmiechni\u0119tym, radosnym cz\u0142owiekiem. Spotkanie b\u0119dzie prowadzone w formie rozmowy o uwa\u017cnym byciu. Obecno\u015b\u0107 pozwala nam by\u0107 tu i teraz. Do\u015bwiadczaj\u0105c mi\u0142uj\u0105cej obecno\u015bci leczymy i transformujemy nasze trudne do\u015bwiadczenia i tworzymy wi\u0119cej pokoju w naszym sercu i na \u015bwiecie.<\/p>\n\n\n\n<p><img loading=\"lazy\" decoding=\"async\" height=\"16\" width=\"16\" alt=\"\u270f\ufe0f\" src=\"https:\/\/static.xx.fbcdn.net\/images\/emoji.php\/v9\/te4\/1\/16\/270f.png\">&nbsp;Je\u015bli masz ochot\u0119 przyj\u015b\u0107, daj nam zna\u0107 i wype\u0142nij formularz:&nbsp;<a href=\"https:\/\/forms.gle\/H3fQjhuQzs6gdmLz6?fbclid=IwZXh0bgNhZW0CMTAAAR4uDYY71BqqiObKHte-adoC522MtqF02WCDkoQJleE0GuOrEm8WTETPA9Fhiw_aem_GRkru5AUoLB_AEWDLRERiA\" rel=\"noreferrer noopener\" target=\"_blank\">https:\/\/forms.gle\/H3fQjhuQzs6gdmLz6<\/a>&nbsp;&#8211; to nam pomo\u017ce oszacowa\u0107 liczb\u0119 uczestnik\u00f3w i odpowiednio przygotowa\u0107 przestrze\u0144&nbsp;<img loading=\"lazy\" decoding=\"async\" height=\"16\" width=\"16\" alt=\"\ud83d\udc9a\" src=\"https:\/\/static.xx.fbcdn.net\/images\/emoji.php\/v9\/t94\/1\/16\/1f49a.png\">&nbsp;<img loading=\"lazy\" decoding=\"async\" height=\"16\" width=\"16\" alt=\"\ud83e\udd92\" src=\"https:\/\/static.xx.fbcdn.net\/images\/emoji.php\/v9\/t2a\/1\/16\/1f992.png\"><\/p>\n\n\n\n<p><\/p>\n\n\n\n<p>Poka\u017c mniej<\/p>\n","protected":false},"excerpt":{"rendered":"<p>&nbsp;Po raz 3 b\u0119dziemy mieli okazj\u0119 spotkania i do\u015bwiadczenia wyj\u0105tkowej obecno\u015bci ojca Christlina Rajendrama w Krakowie. &nbsp;Ojciec Chris jest jezuit\u0105, doktorem komunikacji, asesorem CNVC i u\u015bmiechni\u0119tym, radosnym cz\u0142owiekiem. Spotkanie b\u0119dzie prowadzone w formie rozmowy o uwa\u017cnym byciu. Obecno\u015b\u0107 pozwala nam by\u0107 tu i teraz. Do\u015bwiadczaj\u0105c mi\u0142uj\u0105cej obecno\u015bci leczymy i transformujemy nasze trudne do\u015bwiadczenia i tworzymy [&hellip;]<\/p>\n","protected":false},"author":1,"featured_media":0,"parent":0,"menu_order":0,"comment_status":"closed","ping_status":"closed","template":"","meta":{"footnotes":""},"class_list":["post-97","page","type-page","status-publish","hentry"],"_links":{"self":[{"href":"https:\/\/chriswpolsce25.pl\/index.php\/wp-json\/wp\/v2\/pages\/97","targetHints":{"allow":["GET"]}}],"collection":[{"href":"https:\/\/chriswpolsce25.pl\/index.php\/wp-json\/wp\/v2\/pages"}],"about":[{"href":"https:\/\/chriswpolsce25.pl\/index.php\/wp-json\/wp\/v2\/types\/page"}],"author":[{"embeddable":true,"href":"https:\/\/chriswpolsce25.pl\/index.php\/wp-json\/wp\/v2\/users\/1"}],"replies":[{"embeddable":true,"href":"https:\/\/chriswpolsce25.pl\/index.php\/wp-json\/wp\/v2\/comments?post=97"}],"version-history":[{"count":1,"href":"https:\/\/chriswpolsce25.pl\/index.php\/wp-json\/wp\/v2\/pages\/97\/revisions"}],"predecessor-version":[{"id":99,"href":"https:\/\/chriswpolsce25.pl\/index.php\/wp-json\/wp\/v2\/pages\/97\/revisions\/99"}],"wp:attachment":[{"href":"https:\/\/chriswpolsce25.pl\/index.php\/wp-json\/wp\/v2\/media?parent=97"}],"curies":[{"name":"wp","href":"https:\/\/api.w.org\/{rel}","templated":true}]}}